{"id":6664,"date":"2026-03-12T14:56:28","date_gmt":"2026-03-12T14:56:28","guid":{"rendered":"https:\/\/tshirt-planet.com\/product\/t-shirt-enfant-eco-a-epaules-tombantes-fr\/"},"modified":"2026-03-12T15:49:07","modified_gmt":"2026-03-12T15:49:07","slug":"t-shirt-enfant-eco-a-epaules-tombantes-fr","status":"publish","type":"product","link":"https:\/\/demo.tshirt-planet.com\/fr\/produit\/t-shirt-enfant-eco-a-epaules-tombantes-fr\/","title":{"rendered":"T-shirt enfant \u00e9co \u00e0 \u00e9paules tombantes"},"content":{"rendered":"","protected":false},"excerpt":{"rendered":"","protected":false},"featured_media":6814,"template":"","meta":[],"product_brand":[],"product_cat":[211],"product_tag":[],"class_list":{"0":"post-6664","1":"product","2":"type-product","3":"status-publish","4":"has-post-thumbnail","6":"product_cat-kids","8":"first","9":"instock","10":"taxable","11":"shipping-taxable","12":"product-type-variable"},"_links":{"self":[{"href":"https:\/\/demo.tshirt-planet.com\/fr\/wp-json\/wp\/v2\/product\/6664","targetHints":{"allow":["GET"]}}],"collection":[{"href":"https:\/\/demo.tshirt-planet.com\/fr\/wp-json\/wp\/v2\/product"}],"about":[{"href":"https:\/\/demo.tshirt-planet.com\/fr\/wp-json\/wp\/v2\/types\/product"}],"version-history":[{"count":1,"href":"https:\/\/demo.tshirt-planet.com\/fr\/wp-json\/wp\/v2\/product\/6664\/revisions"}],"predecessor-version":[{"id":6665,"href":"https:\/\/demo.tshirt-planet.com\/fr\/wp-json\/wp\/v2\/product\/6664\/revisions\/6665"}],"wp:featuredmedia":[{"embeddable":true,"href":"https:\/\/demo.tshirt-planet.com\/fr\/wp-json\/wp\/v2\/media\/6814"}],"wp:attachment":[{"href":"https:\/\/demo.tshirt-planet.com\/fr\/wp-json\/wp\/v2\/media?parent=6664"}],"wp:term":[{"taxonomy":"product_brand","embeddable":true,"href":"https:\/\/demo.tshirt-planet.com\/fr\/wp-json\/wp\/v2\/product_brand?post=6664"},{"taxonomy":"product_cat","embeddable":true,"href":"https:\/\/demo.tshirt-planet.com\/fr\/wp-json\/wp\/v2\/product_cat?post=6664"},{"taxonomy":"product_tag","embeddable":true,"href":"https:\/\/demo.tshirt-planet.com\/fr\/wp-json\/wp\/v2\/product_tag?post=6664"}],"curies":[{"name":"wp","href":"https:\/\/api.w.org\/{rel}","templated":true}]}}