{"id":6452,"date":"2026-03-12T09:47:51","date_gmt":"2026-03-12T09:47:51","guid":{"rendered":"https:\/\/tshirt-planet.com\/product\/say-no-to-g-sweat-shirt-col-rond-unisexe\/"},"modified":"2026-03-12T09:51:44","modified_gmt":"2026-03-12T09:51:44","slug":"say-no-to-g-sweat-shirt-col-rond-unisexe","status":"publish","type":"product","link":"https:\/\/demo.tshirt-planet.com\/fr\/produit\/say-no-to-g-sweat-shirt-col-rond-unisexe\/","title":{"rendered":"SAY NO TO G Sweat-shirt col rond unisexe"},"content":{"rendered":"","protected":false},"excerpt":{"rendered":"<ul>\n<li>Composition 50% coton\/ 50% polyester pour un toucher doux.<\/li>\n<li>Molleton gratt\u00e9 pour un confort optimal.<\/li>\n<li>Coupe nette et structur\u00e9e gr\u00e2ce aux manches mont\u00e9es.<\/li>\n<li>260 g<\/li>\n<\/ul>\n","protected":false},"featured_media":6449,"template":"","meta":[],"product_brand":[],"product_cat":[351],"product_tag":[],"class_list":{"0":"post-6452","1":"product","2":"type-product","3":"status-publish","4":"has-post-thumbnail","6":"product_cat-unisex","8":"first","9":"instock","10":"taxable","11":"shipping-taxable","12":"purchasable","13":"product-type-variable"},"_links":{"self":[{"href":"https:\/\/demo.tshirt-planet.com\/fr\/wp-json\/wp\/v2\/product\/6452","targetHints":{"allow":["GET"]}}],"collection":[{"href":"https:\/\/demo.tshirt-planet.com\/fr\/wp-json\/wp\/v2\/product"}],"about":[{"href":"https:\/\/demo.tshirt-planet.com\/fr\/wp-json\/wp\/v2\/types\/product"}],"version-history":[{"count":1,"href":"https:\/\/demo.tshirt-planet.com\/fr\/wp-json\/wp\/v2\/product\/6452\/revisions"}],"predecessor-version":[{"id":6460,"href":"https:\/\/demo.tshirt-planet.com\/fr\/wp-json\/wp\/v2\/product\/6452\/revisions\/6460"}],"wp:featuredmedia":[{"embeddable":true,"href":"https:\/\/demo.tshirt-planet.com\/fr\/wp-json\/wp\/v2\/media\/6449"}],"wp:attachment":[{"href":"https:\/\/demo.tshirt-planet.com\/fr\/wp-json\/wp\/v2\/media?parent=6452"}],"wp:term":[{"taxonomy":"product_brand","embeddable":true,"href":"https:\/\/demo.tshirt-planet.com\/fr\/wp-json\/wp\/v2\/product_brand?post=6452"},{"taxonomy":"product_cat","embeddable":true,"href":"https:\/\/demo.tshirt-planet.com\/fr\/wp-json\/wp\/v2\/product_cat?post=6452"},{"taxonomy":"product_tag","embeddable":true,"href":"https:\/\/demo.tshirt-planet.com\/fr\/wp-json\/wp\/v2\/product_tag?post=6452"}],"curies":[{"name":"wp","href":"https:\/\/api.w.org\/{rel}","templated":true}]}}