{"id":6299,"date":"2026-03-11T21:24:31","date_gmt":"2026-03-11T21:24:31","guid":{"rendered":"https:\/\/tshirt-planet.com\/?post_type=product&#038;p=6299"},"modified":"2026-03-16T07:41:38","modified_gmt":"2026-03-16T07:41:38","slug":"say-no-mercury-t-shirt-sport-femme","status":"publish","type":"product","link":"https:\/\/demo.tshirt-planet.com\/fr\/produit\/say-no-mercury-t-shirt-sport-femme\/","title":{"rendered":"SAY NO Mercury T-shirt sport femme"},"content":{"rendered":"<ul>\n<li>Grammage l\u00e9ger id\u00e9al pour toute saison.<\/li>\n<li>Maille piqu\u00e9e mesh pour une excellente respirabilit\u00e9.<\/li>\n<li>Tissu l\u00e9ger \u00e0 s\u00e9chage rapide.<\/li>\n<li>100% polyester &#8211; 130 g\/m\u00b2.<\/li>\n<\/ul>\n","protected":false},"excerpt":{"rendered":"<p data-path-to-node=\"3,0,0\">Grammage l\u00e9ger id\u00e9al pour toute saison.<\/p>\n<p data-path-to-node=\"3,1,0\">Maille piqu\u00e9e mesh pour une excellente respirabilit\u00e9.<\/p>\n<p data-path-to-node=\"3,2,0\">Tissu l\u00e9ger \u00e0 s\u00e9chage rapide.<\/p>\n<p data-path-to-node=\"3,2,0\">100% polyester &#8211; 130 g\/m\u00b2.<\/p>\n","protected":false},"featured_media":6313,"template":"","meta":[],"product_brand":[],"product_cat":[350],"product_tag":[],"class_list":{"0":"post-6299","1":"product","2":"type-product","3":"status-publish","4":"has-post-thumbnail","6":"product_cat-women","8":"first","9":"instock","10":"taxable","11":"shipping-taxable","12":"purchasable","13":"product-type-variable"},"_links":{"self":[{"href":"https:\/\/demo.tshirt-planet.com\/fr\/wp-json\/wp\/v2\/product\/6299","targetHints":{"allow":["GET"]}}],"collection":[{"href":"https:\/\/demo.tshirt-planet.com\/fr\/wp-json\/wp\/v2\/product"}],"about":[{"href":"https:\/\/demo.tshirt-planet.com\/fr\/wp-json\/wp\/v2\/types\/product"}],"version-history":[{"count":5,"href":"https:\/\/demo.tshirt-planet.com\/fr\/wp-json\/wp\/v2\/product\/6299\/revisions"}],"predecessor-version":[{"id":7371,"href":"https:\/\/demo.tshirt-planet.com\/fr\/wp-json\/wp\/v2\/product\/6299\/revisions\/7371"}],"wp:featuredmedia":[{"embeddable":true,"href":"https:\/\/demo.tshirt-planet.com\/fr\/wp-json\/wp\/v2\/media\/6313"}],"wp:attachment":[{"href":"https:\/\/demo.tshirt-planet.com\/fr\/wp-json\/wp\/v2\/media?parent=6299"}],"wp:term":[{"taxonomy":"product_brand","embeddable":true,"href":"https:\/\/demo.tshirt-planet.com\/fr\/wp-json\/wp\/v2\/product_brand?post=6299"},{"taxonomy":"product_cat","embeddable":true,"href":"https:\/\/demo.tshirt-planet.com\/fr\/wp-json\/wp\/v2\/product_cat?post=6299"},{"taxonomy":"product_tag","embeddable":true,"href":"https:\/\/demo.tshirt-planet.com\/fr\/wp-json\/wp\/v2\/product_tag?post=6299"}],"curies":[{"name":"wp","href":"https:\/\/api.w.org\/{rel}","templated":true}]}}