{"id":6143,"date":"2026-03-11T20:16:26","date_gmt":"2026-03-11T20:16:26","guid":{"rendered":"https:\/\/tshirt-planet.com\/?post_type=product&#038;p=6143"},"modified":"2026-03-12T07:08:51","modified_gmt":"2026-03-12T07:08:51","slug":"say-no-to-g-mercury-sports-t-shirt-copy","status":"publish","type":"product","link":"https:\/\/demo.tshirt-planet.com\/fr\/produit\/say-no-to-g-mercury-sports-t-shirt-copy\/","title":{"rendered":"SAY NO Mercury T-shirt sport homme"},"content":{"rendered":"<ul>\n<li>\n<p data-path-to-node=\"3,0,0\">Grammage l\u00e9ger id\u00e9al pour toute saison.<\/p>\n<\/li>\n<li>\n<p data-path-to-node=\"3,1,0\">Maille piqu\u00e9e mesh pour une excellente respirabilit\u00e9.<\/p>\n<\/li>\n<li>\n<p data-path-to-node=\"3,2,0\">Tissu l\u00e9ger \u00e0 s\u00e9chage rapide.<\/p>\n<\/li>\n<li>100% polyester &#8211; 130 g\/m\u00b2.<\/li>\n<\/ul>\n","protected":false},"excerpt":{"rendered":"<ul>\n<li>\n<p data-path-to-node=\"3,0,0\">Grammage l\u00e9ger id\u00e9al pour toute saison.<\/p>\n<\/li>\n<li>\n<p data-path-to-node=\"3,1,0\">Maille piqu\u00e9e mesh pour une excellente respirabilit\u00e9.<\/p>\n<\/li>\n<li>\n<p data-path-to-node=\"3,2,0\">Tissu l\u00e9ger \u00e0 s\u00e9chage rapide.<\/p>\n<\/li>\n<li>100% polyester &#8211; 130 g\/m\u00b2.<\/li>\n<\/ul>\n","protected":false},"featured_media":6209,"template":"","meta":[],"product_brand":[],"product_cat":[346],"product_tag":[],"class_list":{"0":"post-6143","1":"product","2":"type-product","3":"status-publish","4":"has-post-thumbnail","6":"product_cat-homme","8":"first","9":"instock","10":"taxable","11":"shipping-taxable","12":"purchasable","13":"product-type-variable"},"_links":{"self":[{"href":"https:\/\/demo.tshirt-planet.com\/fr\/wp-json\/wp\/v2\/product\/6143","targetHints":{"allow":["GET"]}}],"collection":[{"href":"https:\/\/demo.tshirt-planet.com\/fr\/wp-json\/wp\/v2\/product"}],"about":[{"href":"https:\/\/demo.tshirt-planet.com\/fr\/wp-json\/wp\/v2\/types\/product"}],"version-history":[{"count":2,"href":"https:\/\/demo.tshirt-planet.com\/fr\/wp-json\/wp\/v2\/product\/6143\/revisions"}],"predecessor-version":[{"id":6266,"href":"https:\/\/demo.tshirt-planet.com\/fr\/wp-json\/wp\/v2\/product\/6143\/revisions\/6266"}],"wp:featuredmedia":[{"embeddable":true,"href":"https:\/\/demo.tshirt-planet.com\/fr\/wp-json\/wp\/v2\/media\/6209"}],"wp:attachment":[{"href":"https:\/\/demo.tshirt-planet.com\/fr\/wp-json\/wp\/v2\/media?parent=6143"}],"wp:term":[{"taxonomy":"product_brand","embeddable":true,"href":"https:\/\/demo.tshirt-planet.com\/fr\/wp-json\/wp\/v2\/product_brand?post=6143"},{"taxonomy":"product_cat","embeddable":true,"href":"https:\/\/demo.tshirt-planet.com\/fr\/wp-json\/wp\/v2\/product_cat?post=6143"},{"taxonomy":"product_tag","embeddable":true,"href":"https:\/\/demo.tshirt-planet.com\/fr\/wp-json\/wp\/v2\/product_tag?post=6143"}],"curies":[{"name":"wp","href":"https:\/\/api.w.org\/{rel}","templated":true}]}}