{"id":6079,"date":"2026-03-11T17:01:12","date_gmt":"2026-03-11T17:01:12","guid":{"rendered":"https:\/\/tshirt-planet.com\/product\/say-no-to-g-mercury-sports-t-shirt\/"},"modified":"2026-03-12T09:10:45","modified_gmt":"2026-03-12T09:10:45","slug":"say-no-to-g-mercury-sports-t-shirt","status":"publish","type":"product","link":"https:\/\/demo.tshirt-planet.com\/fr\/produit\/say-no-to-g-mercury-sports-t-shirt\/","title":{"rendered":"SAY NO TO G Mercury T-shirt sport homme"},"content":{"rendered":"<ul>n t<\/p>\n<li>n\n<p data-path-to-node=\"3,0,0\">Grammage l\u00e9ger id\u00e9al pour toute saison.<\/p>\n<p>n<\/li>\n<p>n t<\/p>\n<li>n\n<p data-path-to-node=\"3,1,0\">Maille piqu\u00e9e mesh pour une excellente respirabilit\u00e9.<\/p>\n<p>n<\/li>\n<p>n t<\/p>\n<li>n\n<p data-path-to-node=\"3,2,0\">Tissu l\u00e9ger \u00e0 s\u00e9chage rapide.<\/p>\n<p>n<\/li>\n<p>n t<\/p>\n<li>100% polyester &#8211; 130 g\/m\u00b2.<\/li>\n<p>n<\/ul>\n","protected":false},"excerpt":{"rendered":"<ul>n t<\/p>\n<li>n\n<p data-path-to-node=\"3,0,0\">Grammage l\u00e9ger id\u00e9al pour toute saison.<\/p>\n<p>n<\/li>\n<p>n t<\/p>\n<li>n\n<p data-path-to-node=\"3,1,0\">Maille piqu\u00e9e mesh pour une excellente respirabilit\u00e9.<\/p>\n<p>n<\/li>\n<p>n t<\/p>\n<li>n\n<p data-path-to-node=\"3,2,0\">Tissu l\u00e9ger \u00e0 s\u00e9chage rapide.<\/p>\n<p>n<\/li>\n<p>n t<\/p>\n<li>100% polyester &#8211; 130 g\/m\u00b2.<\/li>\n<p>n<\/ul>\n","protected":false},"featured_media":6078,"template":"","meta":[],"product_brand":[],"product_cat":[346],"product_tag":[],"class_list":{"0":"post-6079","1":"product","2":"type-product","3":"status-publish","4":"has-post-thumbnail","6":"product_cat-homme","8":"first","9":"instock","10":"taxable","11":"shipping-taxable","12":"purchasable","13":"product-type-variable"},"_links":{"self":[{"href":"https:\/\/demo.tshirt-planet.com\/fr\/wp-json\/wp\/v2\/product\/6079","targetHints":{"allow":["GET"]}}],"collection":[{"href":"https:\/\/demo.tshirt-planet.com\/fr\/wp-json\/wp\/v2\/product"}],"about":[{"href":"https:\/\/demo.tshirt-planet.com\/fr\/wp-json\/wp\/v2\/types\/product"}],"version-history":[{"count":3,"href":"https:\/\/demo.tshirt-planet.com\/fr\/wp-json\/wp\/v2\/product\/6079\/revisions"}],"predecessor-version":[{"id":6302,"href":"https:\/\/demo.tshirt-planet.com\/fr\/wp-json\/wp\/v2\/product\/6079\/revisions\/6302"}],"wp:featuredmedia":[{"embeddable":true,"href":"https:\/\/demo.tshirt-planet.com\/fr\/wp-json\/wp\/v2\/media\/6078"}],"wp:attachment":[{"href":"https:\/\/demo.tshirt-planet.com\/fr\/wp-json\/wp\/v2\/media?parent=6079"}],"wp:term":[{"taxonomy":"product_brand","embeddable":true,"href":"https:\/\/demo.tshirt-planet.com\/fr\/wp-json\/wp\/v2\/product_brand?post=6079"},{"taxonomy":"product_cat","embeddable":true,"href":"https:\/\/demo.tshirt-planet.com\/fr\/wp-json\/wp\/v2\/product_cat?post=6079"},{"taxonomy":"product_tag","embeddable":true,"href":"https:\/\/demo.tshirt-planet.com\/fr\/wp-json\/wp\/v2\/product_tag?post=6079"}],"curies":[{"name":"wp","href":"https:\/\/api.w.org\/{rel}","templated":true}]}}