{"id":858,"date":"2025-10-05T09:51:59","date_gmt":"2025-10-05T09:51:59","guid":{"rendered":"https:\/\/demo.tshirt-planet.com\/mon-compte-2\/"},"modified":"2026-01-31T06:24:52","modified_gmt":"2026-01-31T06:24:52","slug":"mon-compte-2","status":"publish","type":"page","link":"https:\/\/demo.tshirt-planet.com\/fr\/mon-compte-2\/","title":{"rendered":"Mon compte"},"content":{"rendered":"\t\t<div data-elementor-type=\"wp-page\" data-elementor-id=\"858\" class=\"elementor elementor-858 elementor-703\" data-elementor-post-type=\"page\">\n\t\t\t\t<div class=\"elementor-element elementor-element-25e7d21b e-con-full e-flex e-con e-parent\" data-id=\"25e7d21b\" data-element_type=\"container\" data-e-type=\"container\" data-settings=\"{&quot;background_background&quot;:&quot;classic&quot;}\">\n\t\t\t\t<div class=\"elementor-element elementor-element-b2d97d elementor-widget elementor-widget-heading\" data-id=\"b2d97d\" data-element_type=\"widget\" data-e-type=\"widget\" data-widget_type=\"heading.default\">\n\t\t\t\t\t<h2 class=\"elementor-heading-title elementor-size-default\">Mon compte<\/h2>\t\t\t\t<\/div>\n\t\t\t\t<div class=\"elementor-element elementor-element-39375fd7 e-my-account-tabs-vertical elementor-widget elementor-widget-woocommerce-my-account\" data-id=\"39375fd7\" data-element_type=\"widget\" data-e-type=\"widget\" data-settings=\"{&quot;tables_button_hover_animation&quot;:&quot;grow&quot;,&quot;customize_dashboard_check&quot;:&quot;yes&quot;}\" data-widget_type=\"woocommerce-my-account.default\">\n\t\t\t\t\t<div class=\"e-my-account-tab e-my-account-tab__ \">\t\t\t<div class=\"woocommerce\"><\/div>\t\t<\/div>\n\t\t\t\t\t\t<\/div>\n\t\t\t\t<\/div>\n\t\t\t\t<\/div>\n\t\t","protected":false},"excerpt":{"rendered":"<p>Mon compte Tableau de bord Commandes T\u00e9l\u00e9chargements Adresses Payment methods D\u00e9tails du compte D\u00e9connexion Hello tshirtplanet983 (not tshirtplanet983? Log out) From your account dashboard you can view your recent orders, manage your shipping and billing addresses, and edit your password and account details.<\/p>\n","protected":false},"author":1,"featured_media":854,"parent":0,"menu_order":0,"comment_status":"closed","ping_status":"closed","template":"elementor_header_footer","meta":{"footnotes":""},"class_list":["post-858","page","type-page","status-publish","has-post-thumbnail","hentry"],"_links":{"self":[{"href":"https:\/\/demo.tshirt-planet.com\/fr\/wp-json\/wp\/v2\/pages\/858","targetHints":{"allow":["GET"]}}],"collection":[{"href":"https:\/\/demo.tshirt-planet.com\/fr\/wp-json\/wp\/v2\/pages"}],"about":[{"href":"https:\/\/demo.tshirt-planet.com\/fr\/wp-json\/wp\/v2\/types\/page"}],"author":[{"embeddable":true,"href":"https:\/\/demo.tshirt-planet.com\/fr\/wp-json\/wp\/v2\/users\/1"}],"replies":[{"embeddable":true,"href":"https:\/\/demo.tshirt-planet.com\/fr\/wp-json\/wp\/v2\/comments?post=858"}],"version-history":[{"count":51,"href":"https:\/\/demo.tshirt-planet.com\/fr\/wp-json\/wp\/v2\/pages\/858\/revisions"}],"predecessor-version":[{"id":5360,"href":"https:\/\/demo.tshirt-planet.com\/fr\/wp-json\/wp\/v2\/pages\/858\/revisions\/5360"}],"wp:featuredmedia":[{"embeddable":true,"href":"https:\/\/demo.tshirt-planet.com\/fr\/wp-json\/wp\/v2\/media\/854"}],"wp:attachment":[{"href":"https:\/\/demo.tshirt-planet.com\/fr\/wp-json\/wp\/v2\/media?parent=858"}],"curies":[{"name":"wp","href":"https:\/\/api.w.org\/{rel}","templated":true}]}}