{"id":830,"date":"2025-10-05T09:51:38","date_gmt":"2025-10-05T09:51:38","guid":{"rendered":"https:\/\/demo.tshirt-planet.com\/page-dacceuil\/"},"modified":"2026-03-12T11:40:38","modified_gmt":"2026-03-12T11:40:38","slug":"page-dacceuil","status":"publish","type":"page","link":"https:\/\/demo.tshirt-planet.com\/fr\/","title":{"rendered":"Page d&rsquo;acceuil"},"content":{"rendered":"\t\t<div data-elementor-type=\"wp-page\" data-elementor-id=\"830\" class=\"elementor elementor-830 elementor-653\" data-elementor-post-type=\"page\">\n\t\t\t\t<div class=\"elementor-element elementor-element-58331500 e-con-full e-flex e-con e-parent\" data-id=\"58331500\" data-element_type=\"container\" data-e-type=\"container\">\n\t\t\t\t<div class=\"elementor-element elementor-element-7d814c7b elementor-widget elementor-widget-html\" data-id=\"7d814c7b\" data-element_type=\"widget\" data-e-type=\"widget\" data-widget_type=\"html.default\">\n\t\t\t\t\t\n<section class=\"v28-hero\" style=\"background-image:url('\/wp-content\/uploads\/2026\/03\/hero-bg.webp')\">\n  <div class=\"v28-hero-content\">\n    <div class=\"v28-hero-badge\"><span class=\"dot\"><\/span> Imprim\u00e9 en Belgique \u00b7 Express 24H<\/div>\n    <h1 class=\"elementor-heading-title v28-hero-title\">Des designs qui parlent<br><em>votre langue.<\/em><\/h1>\n    <div class=\"v28-hero-desc\"><p>1000+ designs en n\u00e9erlandais, fran\u00e7ais, allemand &amp; anglais.<br>Personnalisez n'importe quel v\u00eatement \u2014 imprim\u00e9 et pr\u00eat \u00e0 exp\u00e9dier en 24 heures.<\/p><\/div>\n    <div class=\"v28-hero-btns\">\n      <a href=\"\/fr\/shop\" class=\"v28-hero-btn-primary elementor-button\">Acheter maintenant \u2192<\/a>\n      <a href=\"\/fr\/designer-tool\" class=\"v28-hero-btn-secondary elementor-button\">\ud83d\ude80 3D Customizer<\/a>\n    <\/div>\n  <\/div>\n<\/section>\n\t\t\t\t<\/div>\n\t\t\t\t<\/div>\n\t\t<div class=\"elementor-element elementor-element-2705797e e-con-full v28-categories e-flex e-con e-parent\" data-id=\"2705797e\" data-element_type=\"container\" data-e-type=\"container\">\n\t\t<div class=\"elementor-element elementor-element-671b5ee2 e-flex e-con-boxed e-con e-child\" data-id=\"671b5ee2\" data-element_type=\"container\" data-e-type=\"container\">\n\t\t\t\t\t<div class=\"e-con-inner\">\n\t\t\t\t<div class=\"elementor-element elementor-element-59194943 elementor-widget elementor-widget-html\" data-id=\"59194943\" data-element_type=\"widget\" data-e-type=\"widget\" data-widget_type=\"html.default\">\n\t\t\t\t\t<div style=\"text-align:center\"><p class=\"section-label\">\u2014 BOUTIQUE PAR OCCASION<\/p><\/div>\t\t\t\t<\/div>\n\t\t\t\t<div class=\"elementor-element elementor-element-2d9fbfd0 section-title elementor-widget elementor-widget-heading\" data-id=\"2d9fbfd0\" data-element_type=\"widget\" data-e-type=\"widget\" data-widget_type=\"heading.default\">\n\t\t\t\t\t<h2 class=\"elementor-heading-title elementor-size-default\">C'est quelle occasion ?<\/h2>\t\t\t\t<\/div>\n\t\t\t\t<div class=\"elementor-element elementor-element-3022ed28 elementor-widget elementor-widget-html\" data-id=\"3022ed28\" data-element_type=\"widget\" data-e-type=\"widget\" data-widget_type=\"html.default\">\n\t\t\t\t\t<div class=\"cat-grid\">\n  <a href=\"\/product-category\/bachelor-party\" class=\"cat-card\">\n    <div class=\"cat-card-inner\"><span class=\"cat-name\">Enterrement de vie de gar\u00e7on<\/span><span class=\"cat-count\">85+ designs<\/span><\/div>\n  <\/a>\n  <a href=\"\/product-category\/birthday\" class=\"cat-card\">\n    <div class=\"cat-card-inner\"><span class=\"cat-name\">Anniversaire<\/span><span class=\"cat-count\">120+ designs<\/span><\/div>\n  <\/a>\n  <a href=\"\/product-category\/matching-family\" class=\"cat-card\">\n    <div class=\"cat-card-inner\"><span class=\"cat-name\">Famille assortie<\/span><span class=\"cat-count\">60+ designs<\/span><\/div>\n  <\/a>\n  <a href=\"\/product-category\/corporate\" class=\"cat-card\">\n    <div class=\"cat-card-inner\"><span class=\"cat-name\">F\u00eate d'entreprise<\/span><span class=\"cat-count\">45+ designs<\/span><\/div>\n  <\/a>\n  <a href=\"\/product-category\/school\" class=\"cat-card\">\n    <div class=\"cat-card-inner\"><span class=\"cat-name\">School &amp; Graduation<\/span><span class=\"cat-count\">75+ designs<\/span><\/div>\n  <\/a>\n  <a href=\"\/product-category\/sports\" class=\"cat-card\">\n    <div class=\"cat-card-inner\"><span class=\"cat-name\">Sports &amp; Clubs<\/span><span class=\"cat-count\">90+ designs<\/span><\/div>\n  <\/a>\n<\/div>\n<div class=\"section-cta\"><a href=\"\/shop\" class=\"btn-ghost\">Voir toutes les cat\u00e9gories \u2192<\/a><\/div>\t\t\t\t<\/div>\n\t\t\t\t\t<\/div>\n\t\t\t\t<\/div>\n\t\t\t\t<\/div>\n\t\t<div class=\"elementor-element elementor-element-6cbf2228 e-con-full v28-trending e-flex e-con e-parent\" data-id=\"6cbf2228\" data-element_type=\"container\" data-e-type=\"container\">\n\t\t<div class=\"elementor-element elementor-element-3407dd0b e-flex e-con-boxed e-con e-child\" data-id=\"3407dd0b\" data-element_type=\"container\" data-e-type=\"container\">\n\t\t\t\t\t<div class=\"e-con-inner\">\n\t\t\t\t<div class=\"elementor-element elementor-element-5b996721 elementor-widget elementor-widget-html\" data-id=\"5b996721\" data-element_type=\"widget\" data-e-type=\"widget\" data-widget_type=\"html.default\">\n\t\t\t\t\t<div style=\"text-align:center\"><p class=\"section-label\">\u2014 DESIGNS POPULAIRES<\/p><\/div>\t\t\t\t<\/div>\n\t\t\t\t<div class=\"elementor-element elementor-element-107bea section-title elementor-widget elementor-widget-heading\" data-id=\"107bea\" data-element_type=\"widget\" data-e-type=\"widget\" data-widget_type=\"heading.default\">\n\t\t\t\t\t<h2 class=\"elementor-heading-title elementor-size-default\">Tendances du moment<\/h2>\t\t\t\t<\/div>\n\t\t\t\t<div class=\"elementor-element elementor-element-66e73101 elementor-widget elementor-widget-html\" data-id=\"66e73101\" data-element_type=\"widget\" data-e-type=\"widget\" data-widget_type=\"html.default\">\n\t\t\t\t\t<div class=\"trending-tabs\"><button class=\"trending-tab active\">All<\/button><button class=\"trending-tab\">\ud83c\udde7\ud83c\uddea Belgian<\/button><button class=\"trending-tab\">NL<\/button><button class=\"trending-tab\">FR<\/button><button class=\"trending-tab\">DE<\/button><\/div>\t\t\t\t<\/div>\n\t\t\t\t<div class=\"elementor-element elementor-element-1ba7933e elementor-widget elementor-widget-html\" data-id=\"1ba7933e\" data-element_type=\"widget\" data-e-type=\"widget\" data-widget_type=\"html.default\">\n\t\t\t\t\t<div class=\"products-grid\"><div class=\"product-card\"><div class=\"product-img\"><img decoding=\"async\" src=\"https:\/\/www.mytshirt.be\/wp-content\/uploads\/2026\/02\/frites-test.png\" alt=\"M\u00e9t\u00e9o Belge\" loading=\"lazy\"><\/div><div class=\"product-info\"><div class=\"product-name\">M\u00e9t\u00e9o Belge<\/div><div class=\"product-meta\"><span class=\"cat-tag\">Belgian Traditions<\/span><span class=\"badge-lang badge-lang-nl\">NL<\/span><\/div><div class=\"product-bottom\"><span class=\"product-price\">\u20ac22<\/span><a href=\"\/product\/meteo-belge\" class=\"wear-it-btn\">Wear It \u2192<\/a><\/div><\/div><\/div><div class=\"product-card\"><div class=\"product-img\"><img decoding=\"async\" src=\"https:\/\/www.mytshirt.be\/wp-content\/uploads\/2026\/01\/NS408_BURNTBRICK.png\" alt=\"Eco Oversized Sweater\" loading=\"lazy\"><\/div><div class=\"product-info\"><div class=\"product-name\">Eco Oversized Sweater<\/div><div class=\"product-meta\"><span class=\"cat-tag\">Men<\/span><span class=\"badge-lang badge-lang-uni\">\ud83c\udf0d<\/span><\/div><div class=\"product-bottom\"><span class=\"product-price\">\u20ac32<\/span><a href=\"\/product\/ecologische-uniseks-oversized-sweater-met-capuchon\" class=\"wear-it-btn\">Wear It \u2192<\/a><\/div><\/div><\/div><div class=\"product-card\"><div class=\"product-img\"><img decoding=\"async\" src=\"https:\/\/www.mytshirt.be\/wp-content\/uploads\/2026\/01\/ns300-black.png\" alt=\"Unisex T-shirt NS300\" loading=\"lazy\"><\/div><div class=\"product-info\"><div class=\"product-name\">Unisex T-shirt NS300<\/div><div class=\"product-meta\"><span class=\"cat-tag\">Men<\/span><span class=\"badge-lang badge-lang-uni\">\ud83c\udf0d<\/span><\/div><div class=\"product-bottom\"><span class=\"product-price\">\u20ac25<\/span><a href=\"\/product\/t-shirt-unisex-ns300\" class=\"wear-it-btn\">Wear It \u2192<\/a><\/div><\/div><\/div><div class=\"product-card\"><div class=\"product-img\"><img decoding=\"async\" src=\"https:\/\/www.mytshirt.be\/wp-content\/uploads\/2026\/01\/NS340-3_PEACOCKGREEN.png\" alt=\"Kids Eco T-shirt\" loading=\"lazy\"><\/div><div class=\"product-info\"><div class=\"product-name\">Kids Eco T-shirt<\/div><div class=\"product-meta\"><span class=\"cat-tag\">Kids<\/span><span class=\"badge-lang badge-lang-uni\">\ud83c\udf0d<\/span><\/div><div class=\"product-bottom\"><span class=\"product-price\">\u20ac22<\/span><a href=\"\/product\/ecologisch-kinder-t-shirt-met-afhangende-schouders\" class=\"wear-it-btn\">Wear It \u2192<\/a><\/div><\/div><\/div><\/div>\t\t\t\t<\/div>\n\t\t\t\t<div class=\"elementor-element elementor-element-3d3a73a6 elementor-widget elementor-widget-html\" data-id=\"3d3a73a6\" data-element_type=\"widget\" data-e-type=\"widget\" data-widget_type=\"html.default\">\n\t\t\t\t\t<div class=\"carousel-controls\"><button class=\"carousel-arrow\">\u2039<\/button><button class=\"carousel-arrow\">\u203a<\/button><\/div><div class=\"section-cta\"><a href=\"\/shop\" class=\"btn-outline\">Voir tous les designs \u2192<\/a><\/div>\t\t\t\t<\/div>\n\t\t\t\t\t<\/div>\n\t\t\t\t<\/div>\n\t\t\t\t<\/div>\n\t\t<div class=\"elementor-element elementor-element-5368807 e-con-full e-flex e-con e-parent\" data-id=\"5368807\" data-element_type=\"container\" data-e-type=\"container\">\n\t\t<div class=\"elementor-element elementor-element-4a7d90eb e-flex e-con-boxed e-con e-child\" data-id=\"4a7d90eb\" data-element_type=\"container\" data-e-type=\"container\">\n\t\t\t\t\t<div class=\"e-con-inner\">\n\t\t\t\t<div class=\"elementor-element elementor-element-268b6da3 elementor-widget elementor-widget-html\" data-id=\"268b6da3\" data-element_type=\"widget\" data-e-type=\"widget\" data-widget_type=\"html.default\">\n\t\t\t\t\t<div class=\"tryon-card\">\n  <div class=\"tryon-visual-top\">\n    <div class=\"tryon-phone-frame\"><div class=\"tryon-phone-notch\"><\/div><div class=\"tryon-phone-screen\"><img decoding=\"async\" class=\"tryon-before-img\" src=\"\/wp-content\/themes\/hello-elementor-child\/tryon-before.png\" alt=\"Design\"><img decoding=\"async\" class=\"tryon-after-img\" src=\"\/wp-content\/themes\/hello-elementor-child\/tryon-after.png\" alt=\"Try-on result\"><div class=\"tryon-scan-line\"><\/div><\/div><\/div>\n    <div class=\"tryon-cta-group\"><a href=\"\/try-on\" class=\"tryon-btn\">Essayez-le sur vous \u2192<\/a><\/div>\n  <\/div>\n  <div class=\"tryon-text\">\n    <h2 class=\"tryon-title\">Voyez-le sur vous<br>avant d'acheter.<\/h2>\n    <p class=\"tryon-desc\">Utilisez la cam\u00e9ra de votre t\u00e9l\u00e9phone pour essayer n'importe quel design en temps r\u00e9el. Sans application \u2014 fonctionne directement dans votre navigateur. Partagez votre look instantan\u00e9ment sur Instagram ou WhatsApp.<\/p>\n    <div class=\"tryon-stats\">\n      <div class=\"tryon-stat\"><div class=\"tryon-stat-num\">10K+<\/div><div class=\"tryon-stat-lab\">DESIGNS ESSAY\u00c9S<\/div><\/div>\n      <div class=\"tryon-stat\"><div class=\"tryon-stat-num\">4.8\u2605<\/div><div class=\"tryon-stat-lab\">NOTE UTILISATEURS<\/div><\/div>\n      <div class=\"tryon-stat\"><div class=\"tryon-stat-num\">30s<\/div><div class=\"tryon-stat-lab\">TEMPS DE D\u00c9MARRAGE<\/div><\/div>\n    <\/div>\n    <div class=\"tryon-features\">\n      <span class=\"tryon-feat tryon-feat--camera\">Superposition cam\u00e9ra en temps r\u00e9el<\/span>\n      <span class=\"tryon-feat tryon-feat--no-app\">Aucune application requise<\/span>\n      <span class=\"tryon-feat tryon-feat--share\">Partagez votre look instantan\u00e9ment<\/span>\n    <\/div>\n  <\/div>\n<\/div>\t\t\t\t<\/div>\n\t\t\t\t\t<\/div>\n\t\t\t\t<\/div>\n\t\t\t\t<\/div>\n\t\t<div class=\"elementor-element elementor-element-7f13ae5a e-con-full e-flex e-con e-parent\" data-id=\"7f13ae5a\" data-element_type=\"container\" data-e-type=\"container\">\n\t\t<div class=\"elementor-element elementor-element-1f66526e e-flex e-con-boxed e-con e-child\" data-id=\"1f66526e\" data-element_type=\"container\" data-e-type=\"container\">\n\t\t\t\t\t<div class=\"e-con-inner\">\n\t\t\t\t<div class=\"elementor-element elementor-element-5d09373b elementor-widget elementor-widget-html\" data-id=\"5d09373b\" data-element_type=\"widget\" data-e-type=\"widget\" data-widget_type=\"html.default\">\n\t\t\t\t\t\n<\/style>\n<div class=\"xpress-card\">\n  <div class=\"xpress-top\">\n    <div>\n      <div class=\"xpress-label\">\u26a1 EXPRESS<\/div>\n      <h2 class=\"xpress-title\">Screen \u2192 Shirt in <em>24h<\/em><\/h2>\n    <\/div>\n    <p class=\"xpress-desc\">Order before 1 PM. Printed, checked &amp; ready next day. Premium Belgian craftsmanship \u2014 no compromises.<\/p>\n  <\/div>\n  <div class=\"xpress-stepper\">\n    <div class=\"xpress-step\">\n      <div class=\"xpress-step-icon\">\n        <svg viewBox=\"0 0 24 24\" fill=\"none\" stroke=\"currentColor\" stroke-width=\"1.8\" stroke-linecap=\"round\" stroke-linejoin=\"round\"><circle cx=\"9\" cy=\"21\" r=\"1\"\/><circle cx=\"20\" cy=\"21\" r=\"1\"\/><path d=\"M1 1h4l2.68 13.39a2 2 0 0 0 2 1.61h9.72a2 2 0 0 0 2-1.61L23 6H6\"\/><\/svg>\n      <\/div>\n      <div class=\"xpress-step-label\">Order<\/div>\n      <div class=\"xpress-step-time\">Before 1 PM<\/div>\n    <\/div>\n    <div class=\"xpress-step\">\n      <div class=\"xpress-step-icon\">\n        <svg viewBox=\"0 0 24 24\" fill=\"none\" stroke=\"currentColor\" stroke-width=\"1.8\" stroke-linecap=\"round\" stroke-linejoin=\"round\"><polyline points=\"6 9 6 2 18 2 18 9\"\/><path d=\"M6 18H4a2 2 0 0 1-2-2v-5a2 2 0 0 1 2-2h16a2 2 0 0 1 2 2v5a2 2 0 0 1-2 2h-2\"\/><rect x=\"6\" y=\"14\" width=\"12\" height=\"8\"\/><\/svg>\n      <\/div>\n      <div class=\"xpress-step-label\">Print<\/div>\n      <div class=\"xpress-step-time\">2\u20136 PM<\/div>\n    <\/div>\n    <div class=\"xpress-step\">\n      <div class=\"xpress-step-icon\">\n        <svg viewBox=\"0 0 24 24\" fill=\"none\" stroke=\"currentColor\" stroke-width=\"1.8\" stroke-linecap=\"round\" stroke-linejoin=\"round\"><polyline points=\"20 6 9 17 4 12\"\/><\/svg>\n      <\/div>\n      <div class=\"xpress-step-label\">QC &amp; Pack<\/div>\n      <div class=\"xpress-step-time\">6\u20138 PM<\/div>\n    <\/div>\n    <div class=\"xpress-step\">\n      <div class=\"xpress-step-icon\">\n        <svg viewBox=\"0 0 24 24\" fill=\"none\" stroke=\"currentColor\" stroke-width=\"1.8\" stroke-linecap=\"round\" stroke-linejoin=\"round\"><rect x=\"1\" y=\"3\" width=\"15\" height=\"13\"\/><polygon points=\"16 8 20 8 23 11 23 16 16 16 16 8\"\/><circle cx=\"5.5\" cy=\"18.5\" r=\"2.5\"\/><circle cx=\"18.5\" cy=\"18.5\" r=\"2.5\"\/><\/svg>\n      <\/div>\n      <div class=\"xpress-step-label\">Ship \/ Pickup<\/div>\n      <div class=\"xpress-step-time\">Next Day<\/div>\n    <\/div>\n  <\/div>\n  <div class=\"xpress-bottom\">\n    <div class=\"xpress-btns\">\n      <a href=\"\/shop\" class=\"btn-express\">\u26a1 Shop Express<\/a>\n      <a href=\"\/3d-customizer\" class=\"btn-3d\">\ud83d\ude80 3D Customizer<\/a>\n    <\/div>\n    <div class=\"xpress-tags\">\n      <span>\u2713  DTF printing<\/span>\n      <span>\u2713 Organic cotton<\/span>\n      <span>\u2713 Printed in Belgium<\/span>\n    <\/div>\n  <\/div>\n<\/div>\t\t\t\t<\/div>\n\t\t\t\t\t<\/div>\n\t\t\t\t<\/div>\n\t\t\t\t<\/div>\n\t\t<div class=\"elementor-element elementor-element-87f6eee e-con-full e-flex e-con e-parent\" data-id=\"87f6eee\" data-element_type=\"container\" data-e-type=\"container\">\n\t\t<div class=\"elementor-element elementor-element-53656221 e-flex e-con-boxed e-con e-child\" data-id=\"53656221\" data-element_type=\"container\" data-e-type=\"container\">\n\t\t\t\t\t<div class=\"e-con-inner\">\n\t\t\t\t<div class=\"elementor-element elementor-element-d3f4702 elementor-widget elementor-widget-html\" data-id=\"d3f4702\" data-element_type=\"widget\" data-e-type=\"widget\" data-widget_type=\"html.default\">\n\t\t\t\t\t<div style=\"text-align:center\"><p class=\"section-label\">\u2014 AVIS CLIENTS<\/p><\/div>\t\t\t\t<\/div>\n\t\t\t\t<div class=\"elementor-element elementor-element-69a94b77 section-title elementor-widget elementor-widget-heading\" data-id=\"69a94b77\" data-element_type=\"widget\" data-e-type=\"widget\" data-widget_type=\"heading.default\">\n\t\t\t\t\t<h2 class=\"elementor-heading-title elementor-size-default\">Ils adorent. Vous aussi.<\/h2>\t\t\t\t<\/div>\n\t\t\t\t<div class=\"elementor-element elementor-element-6515f09f elementor-widget elementor-widget-html\" data-id=\"6515f09f\" data-element_type=\"widget\" data-e-type=\"widget\" data-widget_type=\"html.default\">\n\t\t\t\t\t<div class=\"reviews-grid\"><div class=\"review-card\"><div class=\"review-stars\">\u2605\u2605\u2605\u2605\u2605<\/div><p class=\"review-text\">\"Ordered on Thursday, received Friday. Quality is incredible \u2014 better than I expected for custom printing.\"<\/p><div class=\"review-author\"><div class=\"review-avatar\">L<\/div><div><div class=\"review-author-name\">Lien V.<\/div><div class=\"review-author-meta\">Bachelor party \u00b7 Antwerp<\/div><\/div><\/div><\/div><div class=\"review-card\"><div class=\"review-stars\">\u2605\u2605\u2605\u2605\u2605<\/div><p class=\"review-text\">\"We ordered 12 matching shirts for our team. Every single one was perfect. Fast delivery too!\"<\/p><div class=\"review-author\"><div class=\"review-avatar\">M<\/div><div><div class=\"review-author-name\">Marc D.<\/div><div class=\"review-author-meta\">Corporate order \u00b7 Brussels<\/div><\/div><\/div><\/div><div class=\"review-card\"><div class=\"review-stars\">\u2605\u2605\u2605\u2605\u2605<\/div><p class=\"review-text\">\"The 3D customizer made it so easy to design exactly what I wanted. Will definitely order again.\"<\/p><div class=\"review-author\"><div class=\"review-avatar\">S<\/div><div><div class=\"review-author-name\">Sophie B.<\/div><div class=\"review-author-meta\">Custom design \u00b7 Ghent<\/div><\/div><\/div><\/div><div class=\"review-card\"><div class=\"review-stars\">\u2605\u2605\u2605\u2605\u2605<\/div><p class=\"review-text\">\"Super snelle levering en de kwaliteit van de bedrukking is top. Perfecte keuze voor ons bedrijfsevent.\"<\/p><div class=\"review-author\"><div class=\"review-avatar\">J<\/div><div><div class=\"review-author-name\">Jonas K.<\/div><div class=\"review-author-meta\">Company event \u00b7 Leuven<\/div><\/div><\/div><\/div><\/div><div class=\"reviews-see-all\"><a href=\"\/reviews\">Read all reviews \u2192<\/a><\/div>\t\t\t\t<\/div>\n\t\t\t\t\t<\/div>\n\t\t\t\t<\/div>\n\t\t\t\t<\/div>\n\t\t<div class=\"elementor-element elementor-element-733f98ea e-con-full e-flex e-con e-parent\" data-id=\"733f98ea\" data-element_type=\"container\" data-e-type=\"container\">\n\t\t<div class=\"elementor-element elementor-element-c8cdc18 e-flex e-con-boxed e-con e-child\" data-id=\"c8cdc18\" data-element_type=\"container\" data-e-type=\"container\">\n\t\t\t\t\t<div class=\"e-con-inner\">\n\t\t\t\t<div class=\"elementor-element elementor-element-5d1d98e elementor-widget elementor-widget-html\" data-id=\"5d1d98e\" data-element_type=\"widget\" data-e-type=\"widget\" data-widget_type=\"html.default\">\n\t\t\t\t\t\n<div class=\"newsletter-inner\">\n  <h2 class=\"newsletter-title\">Obtenez 10% de r\u00e9duction<br>sur votre premi\u00e8re commande<\/h2>\n  <p class=\"newsletter-desc\">Rejoignez 8 000+ clients et b\u00e9n\u00e9ficiez d'offres exclusives, d'alertes sur les nouveaux designs et d'un acc\u00e8s anticip\u00e9 aux soldes.<\/p>\n  <div class=\"newsletter-form\"><input type=\"email\" class=\"newsletter-input\" placeholder=\"your@email.com\"><button class=\"btn-subscribe\">Obtenez 10% de r\u00e9duction<\/button><\/div>\n  <div class=\"newsletter-consent\"><label><input type=\"checkbox\"> J'accepte la <a href=\"\/privacy-policy\">privacy policy<\/a><\/label><\/div>\n  <div class=\"newsletter-perks\"><span>\u2713 Jamais de spam<\/span><span>\u2713 D\u00e9sinscription \u00e0 tout moment<\/span><span>\u2713 Annuler \u00e0 tout moment<\/span><\/div>\n<\/div>\n\t\t\t\t<\/div>\n\t\t\t\t\t<\/div>\n\t\t\t\t<\/div>\n\t\t\t\t<\/div>\n\t\t<div class=\"elementor-element elementor-element-620697db e-flex e-con-boxed e-con e-parent\" data-id=\"620697db\" data-element_type=\"container\" data-e-type=\"container\">\n\t\t\t\t\t<div class=\"e-con-inner\">\n\t\t\t\t<div class=\"elementor-element elementor-element-377ca1eb elementor-widget elementor-widget-spacer\" data-id=\"377ca1eb\" data-element_type=\"widget\" data-e-type=\"widget\" data-widget_type=\"spacer.default\">\n\t\t\t\t\t\t\t<div class=\"elementor-spacer\">\n\t\t\t<div class=\"elementor-spacer-inner\"><\/div>\n\t\t<\/div>\n\t\t\t\t\t\t<\/div>\n\t\t\t\t\t<\/div>\n\t\t\t\t<\/div>\n\t\t\t\t<\/div>\n\t\t","protected":false},"excerpt":{"rendered":"<p>Imprim\u00e9 en Belgique \u00b7 Express 24H Des designs qui parlentvotre langue. 1000+ designs en n\u00e9erlandais, fran\u00e7ais, allemand &amp; anglais.Personnalisez n&rsquo;importe quel v\u00eatement \u2014 imprim\u00e9 et pr\u00eat \u00e0 exp\u00e9dier en 24 heures. Acheter maintenant \u2192 \ud83d\ude80 3D Customizer \u2014 BOUTIQUE PAR OCCASION C&rsquo;est quelle occasion ? Enterrement de vie de gar\u00e7on85+ designs Anniversaire120+ designs Famille assortie60+ [&hellip;]<\/p>\n","protected":false},"author":1,"featured_media":829,"parent":0,"menu_order":0,"comment_status":"closed","ping_status":"closed","template":"elementor_header_footer","meta":{"footnotes":""},"class_list":["post-830","page","type-page","status-publish","has-post-thumbnail","hentry"],"_links":{"self":[{"href":"https:\/\/demo.tshirt-planet.com\/fr\/wp-json\/wp\/v2\/pages\/830","targetHints":{"allow":["GET"]}}],"collection":[{"href":"https:\/\/demo.tshirt-planet.com\/fr\/wp-json\/wp\/v2\/pages"}],"about":[{"href":"https:\/\/demo.tshirt-planet.com\/fr\/wp-json\/wp\/v2\/types\/page"}],"author":[{"embeddable":true,"href":"https:\/\/demo.tshirt-planet.com\/fr\/wp-json\/wp\/v2\/users\/1"}],"replies":[{"embeddable":true,"href":"https:\/\/demo.tshirt-planet.com\/fr\/wp-json\/wp\/v2\/comments?post=830"}],"version-history":[{"count":55,"href":"https:\/\/demo.tshirt-planet.com\/fr\/wp-json\/wp\/v2\/pages\/830\/revisions"}],"predecessor-version":[{"id":6553,"href":"https:\/\/demo.tshirt-planet.com\/fr\/wp-json\/wp\/v2\/pages\/830\/revisions\/6553"}],"wp:featuredmedia":[{"embeddable":true,"href":"https:\/\/demo.tshirt-planet.com\/fr\/wp-json\/wp\/v2\/media\/829"}],"wp:attachment":[{"href":"https:\/\/demo.tshirt-planet.com\/fr\/wp-json\/wp\/v2\/media?parent=830"}],"curies":[{"name":"wp","href":"https:\/\/api.w.org\/{rel}","templated":true}]}}