{"id":6352,"date":"2026-03-12T09:25:24","date_gmt":"2026-03-12T09:25:24","guid":{"rendered":"https:\/\/tshirt-planet.com\/?post_type=product&#038;p=6352"},"modified":"2026-03-12T09:27:22","modified_gmt":"2026-03-12T09:27:22","slug":"say-no-to-g-unisex-t-shirt-copy","status":"publish","type":"product","link":"https:\/\/demo.tshirt-planet.com\/de\/produkt\/say-no-to-g-unisex-t-shirt-copy\/","title":{"rendered":"SAY NO unisex T-shirt"},"content":{"rendered":"","protected":false},"excerpt":{"rendered":"<ul>\n<li>Jersey-Strick: Elastizit\u00e4t und Komfort.<\/li>\n<li>Gerader Schnitt f\u00fcr mehr Bewegungsfreiheit.<\/li>\n<li>Gro\u00dfe Auswahl an Gr\u00f6\u00dfen erh\u00e4ltlich.<\/li>\n<li>100 % Baumwolle &#8211; 165g<\/li>\n<\/ul>\n","protected":false},"featured_media":6208,"template":"","meta":[],"product_brand":[],"product_cat":[353],"product_tag":[],"class_list":{"0":"post-6352","1":"product","2":"type-product","3":"status-publish","4":"has-post-thumbnail","6":"product_cat-unisex","8":"first","9":"instock","10":"taxable","11":"shipping-taxable","12":"purchasable","13":"product-type-variable"},"_links":{"self":[{"href":"https:\/\/demo.tshirt-planet.com\/de\/wp-json\/wp\/v2\/product\/6352","targetHints":{"allow":["GET"]}}],"collection":[{"href":"https:\/\/demo.tshirt-planet.com\/de\/wp-json\/wp\/v2\/product"}],"about":[{"href":"https:\/\/demo.tshirt-planet.com\/de\/wp-json\/wp\/v2\/types\/product"}],"version-history":[{"count":2,"href":"https:\/\/demo.tshirt-planet.com\/de\/wp-json\/wp\/v2\/product\/6352\/revisions"}],"predecessor-version":[{"id":6398,"href":"https:\/\/demo.tshirt-planet.com\/de\/wp-json\/wp\/v2\/product\/6352\/revisions\/6398"}],"wp:featuredmedia":[{"embeddable":true,"href":"https:\/\/demo.tshirt-planet.com\/de\/wp-json\/wp\/v2\/media\/6208"}],"wp:attachment":[{"href":"https:\/\/demo.tshirt-planet.com\/de\/wp-json\/wp\/v2\/media?parent=6352"}],"wp:term":[{"taxonomy":"product_brand","embeddable":true,"href":"https:\/\/demo.tshirt-planet.com\/de\/wp-json\/wp\/v2\/product_brand?post=6352"},{"taxonomy":"product_cat","embeddable":true,"href":"https:\/\/demo.tshirt-planet.com\/de\/wp-json\/wp\/v2\/product_cat?post=6352"},{"taxonomy":"product_tag","embeddable":true,"href":"https:\/\/demo.tshirt-planet.com\/de\/wp-json\/wp\/v2\/product_tag?post=6352"}],"curies":[{"name":"wp","href":"https:\/\/api.w.org\/{rel}","templated":true}]}}