{"id":6338,"date":"2026-03-11T20:40:14","date_gmt":"2026-03-11T20:40:14","guid":{"rendered":"https:\/\/tshirt-planet.com\/product\/say-no-to-g-unisex-t-shirt\/"},"modified":"2026-03-11T20:40:14","modified_gmt":"2026-03-11T20:40:14","slug":"say-no-to-g-unisex-t-shirt","status":"publish","type":"product","link":"https:\/\/demo.tshirt-planet.com\/de\/produkt\/say-no-to-g-unisex-t-shirt\/","title":{"rendered":"SAY NO TO G unisex T-shirt"},"content":{"rendered":"","protected":false},"excerpt":{"rendered":"<ul>\n<li>Jersey-Strick: Elastizit\u00e4t und Komfort.<\/li>\n<li>Gerader Schnitt f\u00fcr mehr Bewegungsfreiheit.<\/li>\n<li>Gro\u00dfe Auswahl an Gr\u00f6\u00dfen erh\u00e4ltlich.<\/li>\n<li>100 % Baumwolle &#8211; 165g<\/li>\n<\/ul>\n","protected":false},"featured_media":6094,"template":"","meta":[],"product_brand":[],"product_cat":[353],"product_tag":[],"class_list":{"0":"post-6338","1":"product","2":"type-product","3":"status-publish","4":"has-post-thumbnail","6":"product_cat-unisex","8":"first","9":"instock","10":"taxable","11":"shipping-taxable","12":"purchasable","13":"product-type-variable"},"_links":{"self":[{"href":"https:\/\/demo.tshirt-planet.com\/de\/wp-json\/wp\/v2\/product\/6338","targetHints":{"allow":["GET"]}}],"collection":[{"href":"https:\/\/demo.tshirt-planet.com\/de\/wp-json\/wp\/v2\/product"}],"about":[{"href":"https:\/\/demo.tshirt-planet.com\/de\/wp-json\/wp\/v2\/types\/product"}],"version-history":[{"count":0,"href":"https:\/\/demo.tshirt-planet.com\/de\/wp-json\/wp\/v2\/product\/6338\/revisions"}],"wp:featuredmedia":[{"embeddable":true,"href":"https:\/\/demo.tshirt-planet.com\/de\/wp-json\/wp\/v2\/media\/6094"}],"wp:attachment":[{"href":"https:\/\/demo.tshirt-planet.com\/de\/wp-json\/wp\/v2\/media?parent=6338"}],"wp:term":[{"taxonomy":"product_brand","embeddable":true,"href":"https:\/\/demo.tshirt-planet.com\/de\/wp-json\/wp\/v2\/product_brand?post=6338"},{"taxonomy":"product_cat","embeddable":true,"href":"https:\/\/demo.tshirt-planet.com\/de\/wp-json\/wp\/v2\/product_cat?post=6338"},{"taxonomy":"product_tag","embeddable":true,"href":"https:\/\/demo.tshirt-planet.com\/de\/wp-json\/wp\/v2\/product_tag?post=6338"}],"curies":[{"name":"wp","href":"https:\/\/api.w.org\/{rel}","templated":true}]}}